{"id":1523,"date":"2022-04-05T13:01:18","date_gmt":"2022-04-05T11:01:18","guid":{"rendered":"https:\/\/oberbank.terra-institute.at\/home\/"},"modified":"2023-01-24T10:48:04","modified_gmt":"2023-01-24T09:48:04","slug":"home","status":"publish","type":"page","link":"https:\/\/oberbank.terra-institute.at\/sk\/","title":{"rendered":"Home"},"content":{"rendered":"\t\t<div data-elementor-type=\"wp-page\" data-elementor-id=\"1523\" class=\"elementor elementor-1523 elementor-11\" data-elementor-post-type=\"page\">\n\t\t\t\t\t\t<section class=\"elementor-section elementor-top-section elementor-element elementor-element-b68853d elementor-section-boxed elementor-section-height-default elementor-section-height-default\" data-id=\"b68853d\" data-element_type=\"section\" data-e-type=\"section\">\n\t\t\t\t\t\t<div class=\"elementor-container elementor-column-gap-default\">\n\t\t\t\t\t<div class=\"elementor-column elementor-col-100 elementor-top-column elementor-element elementor-element-7af0357\" data-id=\"7af0357\" data-element_type=\"column\" data-e-type=\"column\">\n\t\t\t<div class=\"elementor-widget-wrap elementor-element-populated\">\n\t\t\t\t\t\t<div class=\"elementor-element elementor-element-d517ac2 elementor-widget elementor-widget-spacer\" data-id=\"d517ac2\" data-element_type=\"widget\" data-e-type=\"widget\" data-widget_type=\"spacer.default\">\n\t\t\t\t<div class=\"elementor-widget-container\">\n\t\t\t\t\t\t\t<div class=\"elementor-spacer\">\n\t\t\t<div class=\"elementor-spacer-inner\"><\/div>\n\t\t<\/div>\n\t\t\t\t\t\t<\/div>\n\t\t\t\t<\/div>\n\t\t\t\t<div class=\"elementor-element elementor-element-97667bc elementor-align-center elementor-widget elementor-widget-button\" data-id=\"97667bc\" data-element_type=\"widget\" data-e-type=\"widget\" data-widget_type=\"button.default\">\n\t\t\t\t<div class=\"elementor-widget-container\">\n\t\t\t\t\t\t\t\t\t<div class=\"elementor-button-wrapper\">\n\t\t\t\t\t<a class=\"elementor-button elementor-button-link elementor-size-sm\" href=\"#elementor-action%3Aaction%3Dpopup%3Aopen%26settings%3DeyJpZCI6MTUzMCwidG9nZ2xlIjpmYWxzZX0%3D\">\n\t\t\t\t\t\t<span class=\"elementor-button-content-wrapper\">\n\t\t\t\t\t\t\t\t\t<span class=\"elementor-button-text\">Spusti\u0165 test udr\u017eate\u013enosti<\/span>\n\t\t\t\t\t<\/span>\n\t\t\t\t\t<\/a>\n\t\t\t\t<\/div>\n\t\t\t\t\t\t\t\t<\/div>\n\t\t\t\t<\/div>\n\t\t\t\t<div class=\"elementor-element elementor-element-cd9644c elementor-widget elementor-widget-spacer\" data-id=\"cd9644c\" data-element_type=\"widget\" data-e-type=\"widget\" data-widget_type=\"spacer.default\">\n\t\t\t\t<div class=\"elementor-widget-container\">\n\t\t\t\t\t\t\t<div class=\"elementor-spacer\">\n\t\t\t<div class=\"elementor-spacer-inner\"><\/div>\n\t\t<\/div>\n\t\t\t\t\t\t<\/div>\n\t\t\t\t<\/div>\n\t\t\t\t\t<\/div>\n\t\t<\/div>\n\t\t\t\t\t<\/div>\n\t\t<\/section>\n\t\t\t\t<section class=\"elementor-section elementor-top-section elementor-element elementor-element-49dbcc8 elementor-section-boxed elementor-section-height-default elementor-section-height-default\" data-id=\"49dbcc8\" data-element_type=\"section\" data-e-type=\"section\">\n\t\t\t\t\t\t<div class=\"elementor-container elementor-column-gap-default\">\n\t\t\t\t\t<div class=\"elementor-column elementor-col-100 elementor-top-column elementor-element elementor-element-fa80598\" data-id=\"fa80598\" data-element_type=\"column\" data-e-type=\"column\">\n\t\t\t<div class=\"elementor-widget-wrap elementor-element-populated\">\n\t\t\t\t\t\t<div class=\"elementor-element elementor-element-801d7c2 elementor-widget elementor-widget-text-editor\" data-id=\"801d7c2\" data-element_type=\"widget\" data-e-type=\"widget\" data-widget_type=\"text-editor.default\">\n\t\t\t\t<div class=\"elementor-widget-container\">\n\t\t\t\t\t\t\t\t\t<p>Ako m\u00f4\u017ee Va\u0161a spolo\u010dnos\u0165 krok za krokom zabezpe\u010di\u0165 lep\u0161iu udr\u017eate\u013enos\u0165? Podstatn\u00e9 je rozobra\u0165 si najsk\u00f4r rizik\u00e1 a mo\u017enosti, ktor\u00e9 pre spolo\u010dnos\u0165 vypl\u00fdvaj\u00fa. Nejde pritom iba o environment\u00e1lne aspekty, ale aj o oblas\u0165 soci\u00e1lnych aspektov a zodpovedn\u00e9ho podnikov\u00e9ho riadenia, ktor\u00e9 s\u00fa zn\u00e1mej\u0161ie pod skratkou ESG (Environment, Social, Governance).<\/p><p>Presne tu sa o slovo hl\u00e1si test udr\u017eate\u013enosti! Umo\u017e\u0148uje obozn\u00e1mi\u0165 sa s d\u00f4le\u017eit\u00fdmi t\u00e9mami ESG a z\u00edska\u0165 preh\u013ead o stave spolo\u010dnosti v rozli\u010dn\u00fdch oblastiach s\u00favisiacich s udr\u017eate\u013enos\u0165ou. V spr\u00e1ve prisp\u00f4sobenej Va\u0161im \u00fadajom sa z\u00e1rove\u0148 m\u00f4\u017eete in\u0161pirova\u0165 podnetmi na pr\u00edpadn\u00e9 opatrenia na zlep\u0161enie.<\/p><p><strong>Ako to funguje?<\/strong><\/p><p>Tri jednoduch\u00e9 kroky, aby ste sa pribli\u017ene za 7 min\u00fat dopracovali k v\u00fdsledku:<\/p><ol><li>\u201eSpusti\u0165 test udr\u017eate\u013enosti\u201c a v troch moduloch (\u017eivotn\u00e9 prostredie, soci\u00e1lne aspekty a zodpovedn\u00e9 riadenie podniku) zodpoveda\u0165 ot\u00e1zky.<\/li><li>V\u00fdsledky z ka\u017ed\u00e9ho z uveden\u00fdch troch modulov a takisto celkov\u00fd v\u00fdsledok sa zobrazia hne\u010f na konci testu udr\u017eate\u013enosti.<\/li><li>N\u00e1sledne si m\u00f4\u017eete necha\u0165 preposla\u0165 individu\u00e1lnu spr\u00e1vu o v\u00fdsledkoch, v ktorej je uveden\u00fd dosiahnut\u00fd po\u010det bodov a zop\u00e1r konkr\u00e9tnych n\u00e1vrhov na pr\u00edpadn\u00e9 zlep\u0161enia.<\/li><\/ol><p><span style=\"color: #c90000;\"><strong>Ak m\u00e1te nejak\u00e9 ot\u00e1zky v s\u00favislosti s v\u00fdsledkami, Oberbank V\u00e1m v spolupr\u00e1ci s Terra Institute rada pom\u00f4\u017ee!<\/strong><\/span><\/p>\t\t\t\t\t\t\t\t<\/div>\n\t\t\t\t<\/div>\n\t\t\t\t<div class=\"elementor-element elementor-element-085112b elementor-widget elementor-widget-text-editor\" data-id=\"085112b\" data-element_type=\"widget\" data-e-type=\"widget\" data-widget_type=\"text-editor.default\">\n\t\t\t\t<div class=\"elementor-widget-container\">\n\t\t\t\t\t\t\t\t\t<div class=\"elementor-element elementor-element-8380c1c elementor-widget elementor-widget-text-editor\" data-id=\"8380c1c\" data-element_type=\"widget\" data-widget_type=\"text-editor.default\"><div class=\"elementor-widget-container\"><p><span style=\"color: #c90000;\"><strong>To je jedna z \u00faloh spolo\u010dnosti Terra Institute<\/strong><\/span><\/p><p>Terra Institute je kompeten\u010dn\u00e9 centrum pre rozvoj a zav\u00e1dzanie inov\u00e1ci\u00ed a opatren\u00ed zameran\u00fdch na udr\u017eate\u013enos\u0165 v podnikoch a spolo\u010dnostiach. Prostredn\u00edctvom poradenstva, kou\u010dingu, \u0161kolen\u00ed a v\u00fdskumu sa Terra Institute usiluje prin\u00e1\u0161a\u0165 nov\u00e9 impulzy pre rozvoj novej udr\u017eate\u013enej ekonomiky.<\/p><\/div><\/div>\t\t\t\t\t\t\t\t<\/div>\n\t\t\t\t<\/div>\n\t\t\t\t\t<\/div>\n\t\t<\/div>\n\t\t\t\t\t<\/div>\n\t\t<\/section>\n\t\t\t\t<section class=\"elementor-section elementor-top-section elementor-element elementor-element-5c947a8 elementor-section-boxed elementor-section-height-default elementor-section-height-default\" data-id=\"5c947a8\" data-element_type=\"section\" data-e-type=\"section\">\n\t\t\t\t\t\t<div class=\"elementor-container elementor-column-gap-default\">\n\t\t\t\t\t<div class=\"elementor-column elementor-col-100 elementor-top-column elementor-element elementor-element-34dd861\" data-id=\"34dd861\" data-element_type=\"column\" data-e-type=\"column\">\n\t\t\t<div class=\"elementor-widget-wrap elementor-element-populated\">\n\t\t\t\t\t\t<div class=\"elementor-element elementor-element-1d93821 elementor-widget elementor-widget-spacer\" data-id=\"1d93821\" data-element_type=\"widget\" data-e-type=\"widget\" data-widget_type=\"spacer.default\">\n\t\t\t\t<div class=\"elementor-widget-container\">\n\t\t\t\t\t\t\t<div class=\"elementor-spacer\">\n\t\t\t<div class=\"elementor-spacer-inner\"><\/div>\n\t\t<\/div>\n\t\t\t\t\t\t<\/div>\n\t\t\t\t<\/div>\n\t\t\t\t<div class=\"elementor-element elementor-element-f35dc7a elementor-align-center elementor-widget elementor-widget-button\" data-id=\"f35dc7a\" data-element_type=\"widget\" data-e-type=\"widget\" data-widget_type=\"button.default\">\n\t\t\t\t<div class=\"elementor-widget-container\">\n\t\t\t\t\t\t\t\t\t<div class=\"elementor-button-wrapper\">\n\t\t\t\t\t<a class=\"elementor-button elementor-button-link elementor-size-sm\" href=\"#elementor-action%3Aaction%3Dpopup%3Aopen%26settings%3DeyJpZCI6MTUzMCwidG9nZ2xlIjpmYWxzZX0%3D\">\n\t\t\t\t\t\t<span class=\"elementor-button-content-wrapper\">\n\t\t\t\t\t\t\t\t\t<span class=\"elementor-button-text\">Spusti\u0165 test udr\u017eate\u013enosti<\/span>\n\t\t\t\t\t<\/span>\n\t\t\t\t\t<\/a>\n\t\t\t\t<\/div>\n\t\t\t\t\t\t\t\t<\/div>\n\t\t\t\t<\/div>\n\t\t\t\t<div class=\"elementor-element elementor-element-ed505bd elementor-widget elementor-widget-spacer\" data-id=\"ed505bd\" data-element_type=\"widget\" data-e-type=\"widget\" data-widget_type=\"spacer.default\">\n\t\t\t\t<div class=\"elementor-widget-container\">\n\t\t\t\t\t\t\t<div class=\"elementor-spacer\">\n\t\t\t<div class=\"elementor-spacer-inner\"><\/div>\n\t\t<\/div>\n\t\t\t\t\t\t<\/div>\n\t\t\t\t<\/div>\n\t\t\t\t\t<\/div>\n\t\t<\/div>\n\t\t\t\t\t<\/div>\n\t\t<\/section>\n\t\t\t\t<\/div>\n\t\t","protected":false},"excerpt":{"rendered":"Spusti\u0165 test udr\u017eate\u013enosti Ako m\u00f4\u017ee Va\u0161a spolo\u010dnos\u0165 krok za krokom zabezpe\u010di\u0165 lep\u0161iu udr\u017eate\u013enos\u0165? Podstatn\u00e9 je rozobra\u0165 si najsk\u00f4r rizik\u00e1 a mo\u017enosti, ktor\u00e9 pre spolo\u010dnos\u0165 vypl\u00fdvaj\u00fa. Nejde pritom iba o environment\u00e1lne aspekty, ale aj o oblas\u0165 soci\u00e1lnych aspektov a zodpovedn\u00e9ho podnikov\u00e9ho riadenia, ktor\u00e9 s\u00fa zn\u00e1mej\u0161ie pod skratkou ESG (Environment, Social, Governance). Presne tu sa o slovo&#8230; <a class=\"view-article\" href=\"https:\/\/oberbank.terra-institute.at\/sk\/\">View Article<\/a>","protected":false},"author":2,"featured_media":0,"parent":0,"menu_order":0,"comment_status":"closed","ping_status":"closed","template":"","meta":{"footnotes":""},"class_list":["post-1523","page","type-page","status-publish","hentry"],"acf":[],"yoast_head":"<!-- This site is optimized with the Yoast SEO plugin v26.9 - https:\/\/yoast.com\/product\/yoast-seo-wordpress\/ -->\n<title>Home - Test udr\u017eate\u013enosti<\/title>\n<meta name=\"robots\" content=\"index, follow, max-snippet:-1, max-image-preview:large, max-video-preview:-1\" \/>\n<link rel=\"canonical\" href=\"https:\/\/oberbank.terra-institute.at\/sk\/\" \/>\n<meta property=\"og:locale\" content=\"sk_SK\" \/>\n<meta property=\"og:type\" content=\"article\" \/>\n<meta property=\"og:title\" content=\"Home - Test udr\u017eate\u013enosti\" \/>\n<meta property=\"og:description\" content=\"Spusti\u0165 test udr\u017eate\u013enosti Ako m\u00f4\u017ee Va\u0161a spolo\u010dnos\u0165 krok za krokom zabezpe\u010di\u0165 lep\u0161iu udr\u017eate\u013enos\u0165? Podstatn\u00e9 je rozobra\u0165 si najsk\u00f4r rizik\u00e1 a mo\u017enosti, ktor\u00e9 pre spolo\u010dnos\u0165 vypl\u00fdvaj\u00fa. Nejde pritom iba o environment\u00e1lne aspekty, ale aj o oblas\u0165 soci\u00e1lnych aspektov a zodpovedn\u00e9ho podnikov\u00e9ho riadenia, ktor\u00e9 s\u00fa zn\u00e1mej\u0161ie pod skratkou ESG (Environment, Social, Governance). Presne tu sa o slovo... View Article\" \/>\n<meta property=\"og:url\" content=\"https:\/\/oberbank.terra-institute.at\/sk\/\" \/>\n<meta property=\"og:site_name\" content=\"Test udr\u017eate\u013enosti\" \/>\n<meta property=\"article:modified_time\" content=\"2023-01-24T09:48:04+00:00\" \/>\n<meta name=\"twitter:card\" content=\"summary_large_image\" \/>\n<meta name=\"twitter:label1\" content=\"Predpokladan\u00fd \u010das \u010d\u00edtania\" \/>\n\t<meta name=\"twitter:data1\" content=\"2 min\u00faty\" \/>\n<script type=\"application\/ld+json\" class=\"yoast-schema-graph\">{\"@context\":\"https:\/\/schema.org\",\"@graph\":[{\"@type\":\"WebPage\",\"@id\":\"https:\/\/oberbank.terra-institute.at\/sk\/\",\"url\":\"https:\/\/oberbank.terra-institute.at\/sk\/\",\"name\":\"Home - Test udr\u017eate\u013enosti\",\"isPartOf\":{\"@id\":\"https:\/\/oberbank.terra-institute.at\/#website\"},\"datePublished\":\"2022-04-05T11:01:18+00:00\",\"dateModified\":\"2023-01-24T09:48:04+00:00\",\"breadcrumb\":{\"@id\":\"https:\/\/oberbank.terra-institute.at\/sk\/#breadcrumb\"},\"inLanguage\":\"sk-SK\",\"potentialAction\":[{\"@type\":\"ReadAction\",\"target\":[\"https:\/\/oberbank.terra-institute.at\/sk\/\"]}]},{\"@type\":\"BreadcrumbList\",\"@id\":\"https:\/\/oberbank.terra-institute.at\/sk\/#breadcrumb\",\"itemListElement\":[{\"@type\":\"ListItem\",\"position\":1,\"name\":\"Startseite\",\"item\":\"https:\/\/oberbank.terra-institute.at\/sk\/\"},{\"@type\":\"ListItem\",\"position\":2,\"name\":\"Home\"}]},{\"@type\":\"WebSite\",\"@id\":\"https:\/\/oberbank.terra-institute.at\/#website\",\"url\":\"https:\/\/oberbank.terra-institute.at\/\",\"name\":\"Test udr\u017eate\u013enosti\",\"description\":\"Terra Institute\",\"potentialAction\":[{\"@type\":\"SearchAction\",\"target\":{\"@type\":\"EntryPoint\",\"urlTemplate\":\"https:\/\/oberbank.terra-institute.at\/?s={search_term_string}\"},\"query-input\":{\"@type\":\"PropertyValueSpecification\",\"valueRequired\":true,\"valueName\":\"search_term_string\"}}],\"inLanguage\":\"sk-SK\"}]}<\/script>\n<!-- \/ Yoast SEO plugin. -->","yoast_head_json":{"title":"Home - Test udr\u017eate\u013enosti","robots":{"index":"index","follow":"follow","max-snippet":"max-snippet:-1","max-image-preview":"max-image-preview:large","max-video-preview":"max-video-preview:-1"},"canonical":"https:\/\/oberbank.terra-institute.at\/sk\/","og_locale":"sk_SK","og_type":"article","og_title":"Home - Test udr\u017eate\u013enosti","og_description":"Spusti\u0165 test udr\u017eate\u013enosti Ako m\u00f4\u017ee Va\u0161a spolo\u010dnos\u0165 krok za krokom zabezpe\u010di\u0165 lep\u0161iu udr\u017eate\u013enos\u0165? Podstatn\u00e9 je rozobra\u0165 si najsk\u00f4r rizik\u00e1 a mo\u017enosti, ktor\u00e9 pre spolo\u010dnos\u0165 vypl\u00fdvaj\u00fa. Nejde pritom iba o environment\u00e1lne aspekty, ale aj o oblas\u0165 soci\u00e1lnych aspektov a zodpovedn\u00e9ho podnikov\u00e9ho riadenia, ktor\u00e9 s\u00fa zn\u00e1mej\u0161ie pod skratkou ESG (Environment, Social, Governance). Presne tu sa o slovo... View Article","og_url":"https:\/\/oberbank.terra-institute.at\/sk\/","og_site_name":"Test udr\u017eate\u013enosti","article_modified_time":"2023-01-24T09:48:04+00:00","twitter_card":"summary_large_image","twitter_misc":{"Predpokladan\u00fd \u010das \u010d\u00edtania":"2 min\u00faty"},"schema":{"@context":"https:\/\/schema.org","@graph":[{"@type":"WebPage","@id":"https:\/\/oberbank.terra-institute.at\/sk\/","url":"https:\/\/oberbank.terra-institute.at\/sk\/","name":"Home - Test udr\u017eate\u013enosti","isPartOf":{"@id":"https:\/\/oberbank.terra-institute.at\/#website"},"datePublished":"2022-04-05T11:01:18+00:00","dateModified":"2023-01-24T09:48:04+00:00","breadcrumb":{"@id":"https:\/\/oberbank.terra-institute.at\/sk\/#breadcrumb"},"inLanguage":"sk-SK","potentialAction":[{"@type":"ReadAction","target":["https:\/\/oberbank.terra-institute.at\/sk\/"]}]},{"@type":"BreadcrumbList","@id":"https:\/\/oberbank.terra-institute.at\/sk\/#breadcrumb","itemListElement":[{"@type":"ListItem","position":1,"name":"Startseite","item":"https:\/\/oberbank.terra-institute.at\/sk\/"},{"@type":"ListItem","position":2,"name":"Home"}]},{"@type":"WebSite","@id":"https:\/\/oberbank.terra-institute.at\/#website","url":"https:\/\/oberbank.terra-institute.at\/","name":"Test udr\u017eate\u013enosti","description":"Terra Institute","potentialAction":[{"@type":"SearchAction","target":{"@type":"EntryPoint","urlTemplate":"https:\/\/oberbank.terra-institute.at\/?s={search_term_string}"},"query-input":{"@type":"PropertyValueSpecification","valueRequired":true,"valueName":"search_term_string"}}],"inLanguage":"sk-SK"}]}},"_links":{"self":[{"href":"https:\/\/oberbank.terra-institute.at\/sk\/wp-json\/wp\/v2\/pages\/1523","targetHints":{"allow":["GET"]}}],"collection":[{"href":"https:\/\/oberbank.terra-institute.at\/sk\/wp-json\/wp\/v2\/pages"}],"about":[{"href":"https:\/\/oberbank.terra-institute.at\/sk\/wp-json\/wp\/v2\/types\/page"}],"author":[{"embeddable":true,"href":"https:\/\/oberbank.terra-institute.at\/sk\/wp-json\/wp\/v2\/users\/2"}],"replies":[{"embeddable":true,"href":"https:\/\/oberbank.terra-institute.at\/sk\/wp-json\/wp\/v2\/comments?post=1523"}],"version-history":[{"count":12,"href":"https:\/\/oberbank.terra-institute.at\/sk\/wp-json\/wp\/v2\/pages\/1523\/revisions"}],"predecessor-version":[{"id":1979,"href":"https:\/\/oberbank.terra-institute.at\/sk\/wp-json\/wp\/v2\/pages\/1523\/revisions\/1979"}],"wp:attachment":[{"href":"https:\/\/oberbank.terra-institute.at\/sk\/wp-json\/wp\/v2\/media?parent=1523"}],"curies":[{"name":"wp","href":"https:\/\/api.w.org\/{rel}","templated":true}]}}