{"id":1522,"date":"2022-04-05T13:01:18","date_gmt":"2022-04-05T11:01:18","guid":{"rendered":"https:\/\/oberbank.terra-institute.at\/home\/"},"modified":"2022-12-20T13:17:51","modified_gmt":"2022-12-20T12:17:51","slug":"home","status":"publish","type":"page","link":"https:\/\/oberbank.terra-institute.at\/hu\/","title":{"rendered":"Home"},"content":{"rendered":"\t\t<div data-elementor-type=\"wp-page\" data-elementor-id=\"1522\" class=\"elementor elementor-1522 elementor-11\" data-elementor-post-type=\"page\">\n\t\t\t\t\t\t<section class=\"elementor-section elementor-top-section elementor-element elementor-element-b68853d elementor-section-boxed elementor-section-height-default elementor-section-height-default\" data-id=\"b68853d\" data-element_type=\"section\" data-e-type=\"section\">\n\t\t\t\t\t\t<div class=\"elementor-container elementor-column-gap-default\">\n\t\t\t\t\t<div class=\"elementor-column elementor-col-100 elementor-top-column elementor-element elementor-element-7af0357\" data-id=\"7af0357\" data-element_type=\"column\" data-e-type=\"column\">\n\t\t\t<div class=\"elementor-widget-wrap elementor-element-populated\">\n\t\t\t\t\t\t<div class=\"elementor-element elementor-element-d517ac2 elementor-widget elementor-widget-spacer\" data-id=\"d517ac2\" data-element_type=\"widget\" data-e-type=\"widget\" data-widget_type=\"spacer.default\">\n\t\t\t\t<div class=\"elementor-widget-container\">\n\t\t\t\t\t\t\t<div class=\"elementor-spacer\">\n\t\t\t<div class=\"elementor-spacer-inner\"><\/div>\n\t\t<\/div>\n\t\t\t\t\t\t<\/div>\n\t\t\t\t<\/div>\n\t\t\t\t<div class=\"elementor-element elementor-element-97667bc elementor-align-center elementor-widget elementor-widget-button\" data-id=\"97667bc\" data-element_type=\"widget\" data-e-type=\"widget\" data-widget_type=\"button.default\">\n\t\t\t\t<div class=\"elementor-widget-container\">\n\t\t\t\t\t\t\t\t\t<div class=\"elementor-button-wrapper\">\n\t\t\t\t\t<a class=\"elementor-button elementor-button-link elementor-size-sm\" href=\"#elementor-action%3Aaction%3Dpopup%3Aopen%26settings%3DeyJpZCI6MTUyOSwidG9nZ2xlIjpmYWxzZX0%3D\">\n\t\t\t\t\t\t<span class=\"elementor-button-content-wrapper\">\n\t\t\t\t\t\t\t\t\t<span class=\"elementor-button-text\">Fenntarthat\u00f3s\u00e1gi Teszt ind\u00edt\u00e1sa<\/span>\n\t\t\t\t\t<\/span>\n\t\t\t\t\t<\/a>\n\t\t\t\t<\/div>\n\t\t\t\t\t\t\t\t<\/div>\n\t\t\t\t<\/div>\n\t\t\t\t<div class=\"elementor-element elementor-element-cd9644c elementor-widget elementor-widget-spacer\" data-id=\"cd9644c\" data-element_type=\"widget\" data-e-type=\"widget\" data-widget_type=\"spacer.default\">\n\t\t\t\t<div class=\"elementor-widget-container\">\n\t\t\t\t\t\t\t<div class=\"elementor-spacer\">\n\t\t\t<div class=\"elementor-spacer-inner\"><\/div>\n\t\t<\/div>\n\t\t\t\t\t\t<\/div>\n\t\t\t\t<\/div>\n\t\t\t\t\t<\/div>\n\t\t<\/div>\n\t\t\t\t\t<\/div>\n\t\t<\/section>\n\t\t\t\t<section class=\"elementor-section elementor-top-section elementor-element elementor-element-49dbcc8 elementor-section-boxed elementor-section-height-default elementor-section-height-default\" data-id=\"49dbcc8\" data-element_type=\"section\" data-e-type=\"section\">\n\t\t\t\t\t\t<div class=\"elementor-container elementor-column-gap-default\">\n\t\t\t\t\t<div class=\"elementor-column elementor-col-100 elementor-top-column elementor-element elementor-element-fa80598\" data-id=\"fa80598\" data-element_type=\"column\" data-e-type=\"column\">\n\t\t\t<div class=\"elementor-widget-wrap elementor-element-populated\">\n\t\t\t\t\t\t<div class=\"elementor-element elementor-element-801d7c2 elementor-widget elementor-widget-text-editor\" data-id=\"801d7c2\" data-element_type=\"widget\" data-e-type=\"widget\" data-widget_type=\"text-editor.default\">\n\t\t\t\t<div class=\"elementor-widget-container\">\n\t\t\t\t\t\t\t\t\t<p>Hogyan v\u00e1lhat az \u00d6n v\u00e1llalkoz\u00e1sa l\u00e9p\u00e9sr\u0151l l\u00e9p\u00e9sre egyre fenntarthat\u00f3bb\u00e1? \u00c9rdemes el\u0151sz\u00f6r megvizsg\u00e1lni a v\u00e1llalkoz\u00e1s\u00e1t \u00e9rint\u0151 kock\u00e1zatokat \u00e9s lehet\u0151s\u00e9geket. Ez nemcsak a k\u00f6rnyezetv\u00e9delmi szempontokra vonatkozik, hanem a t\u00e1rsadalmi \u00e9s v\u00e1llalatir\u00e1ny\u00edt\u00e1si ter\u00fcletekre is (r\u00f6viden: ESG (Environment, Social, Governance)<\/p><p>Pontosan itt j\u00f6n a k\u00e9pbe a Fenntarthat\u00f3s\u00e1gi Teszt! Ez lehet\u0151s\u00e9get ny\u00fajt \u00d6nnek arra, hogy az ESG-t\u00e9m\u00e1kkal foglalkozzon, \u00e9s \u00e1ttekint\u00e9st kapjon v\u00e1llalkoz\u00e1s\u00e1nak az egyes ter\u00fcletek fenntarthat\u00f3s\u00e1g\u00e1val kapcsolatos jelenlegi helyzet\u00e9r\u0151l. Az \u00d6n v\u00e1laszai alapj\u00e1n elk\u00e9sz\u00edtett fenntarthat\u00f3s\u00e1gi jelent\u00e9sben javaslatokat kaphat t\u0151l\u00fcnk a lehets\u00e9ges jav\u00edt\u00f3 int\u00e9zked\u00e9sekre vonatkoz\u00f3an.<\/p><p><strong>Hogyan m\u0171k\u00f6dik?<\/strong><\/p><p>H\u00e1rom egyszer\u0171 l\u00e9p\u00e9s, \u00e9s megvan az eredm\u00e9ny:<\/p><ol><li>Ind\u00edtsa el a fenntarthat\u00f3s\u00e1gi tesztet, \u00e9s v\u00e1laszoljon a h\u00e1rom modul (k\u00f6rnyezetv\u00e9delem, szoci\u00e1lis k\u00e9rd\u00e9sek, korm\u00e1nyz\u00e1s) k\u00e9rd\u00e9seire.<\/li><li>A fenntarthat\u00f3s\u00e1gi teszt v\u00e9g\u00e9n azonnal megkapja a h\u00e1rom modulra vonatkoz\u00f3 eredm\u00e9ny\u00e9t \u00e9s az \u00f6sszes\u00edtett eredm\u00e9nyt.<\/li><li>Ezut\u00e1n elk\u00fcldj\u00fck \u00d6nnek a teszteredm\u00e9nyeket tartalmaz\u00f3 \u00f6sszefoglal\u00f3nkat, amely tartalmazza v\u00e1llalkoz\u00e1sa fenntarthat\u00f3s\u00e1gi pontsz\u00e1m\u00e1t \u00e9s n\u00e9h\u00e1ny, a fenntarthat\u00f3s\u00e1g n\u00f6vel\u00e9s\u00e9re ir\u00e1nyul\u00f3 javaslatot.<\/li><\/ol><p><span style=\"color: #c90000;\"><strong>Ha b\u00e1rmilyen k\u00e9rd\u00e9se van az eredm\u00e9nyekkel kapcsolatban, az Oberbank a Terra Int\u00e9zettel egy\u00fcttm\u0171k\u00f6dve sz\u00edvesen seg\u00edt \u00d6nnek!<\/strong><\/span><\/p>\t\t\t\t\t\t\t\t<\/div>\n\t\t\t\t<\/div>\n\t\t\t\t<div class=\"elementor-element elementor-element-085112b elementor-widget elementor-widget-text-editor\" data-id=\"085112b\" data-element_type=\"widget\" data-e-type=\"widget\" data-widget_type=\"text-editor.default\">\n\t\t\t\t<div class=\"elementor-widget-container\">\n\t\t\t\t\t\t\t\t\t<div class=\"elementor-element elementor-element-8380c1c elementor-widget elementor-widget-text-editor\" data-id=\"8380c1c\" data-element_type=\"widget\" data-widget_type=\"text-editor.default\"><div class=\"elementor-widget-container\"><p><span style=\"color: #c90000;\"><strong>Ez a Terra Institute oldala<\/strong><\/span><\/p><p>A Terra Institute a fenntarthat\u00f3s\u00e1g \u00e9s az innov\u00e1ci\u00f3 \u00fczleti \u00e9s t\u00e1rsadalmi fejleszt\u00e9s\u00e9nek \u00e9s megval\u00f3s\u00edt\u00e1s\u00e1nak kompetencia k\u00f6zpontja. A Terra Institute tan\u00e1csad\u00e1ssal, coachinggal, k\u00e9pz\u00e9ssel \u00e9s kutat\u00e1ssal igyekszik lend\u00fcletet adni egy \u00faj, fenntarthat\u00f3 gazdas\u00e1g kialak\u00edt\u00e1s\u00e1nak.<\/p><\/div><\/div>\t\t\t\t\t\t\t\t<\/div>\n\t\t\t\t<\/div>\n\t\t\t\t\t<\/div>\n\t\t<\/div>\n\t\t\t\t\t<\/div>\n\t\t<\/section>\n\t\t\t\t<section class=\"elementor-section elementor-top-section elementor-element elementor-element-5c947a8 elementor-section-boxed elementor-section-height-default elementor-section-height-default\" data-id=\"5c947a8\" data-element_type=\"section\" data-e-type=\"section\">\n\t\t\t\t\t\t<div class=\"elementor-container elementor-column-gap-default\">\n\t\t\t\t\t<div class=\"elementor-column elementor-col-100 elementor-top-column elementor-element elementor-element-34dd861\" data-id=\"34dd861\" data-element_type=\"column\" data-e-type=\"column\">\n\t\t\t<div class=\"elementor-widget-wrap elementor-element-populated\">\n\t\t\t\t\t\t<div class=\"elementor-element elementor-element-1d93821 elementor-widget elementor-widget-spacer\" data-id=\"1d93821\" data-element_type=\"widget\" data-e-type=\"widget\" data-widget_type=\"spacer.default\">\n\t\t\t\t<div class=\"elementor-widget-container\">\n\t\t\t\t\t\t\t<div class=\"elementor-spacer\">\n\t\t\t<div class=\"elementor-spacer-inner\"><\/div>\n\t\t<\/div>\n\t\t\t\t\t\t<\/div>\n\t\t\t\t<\/div>\n\t\t\t\t<div class=\"elementor-element elementor-element-f35dc7a elementor-align-center elementor-widget elementor-widget-button\" data-id=\"f35dc7a\" data-element_type=\"widget\" data-e-type=\"widget\" data-widget_type=\"button.default\">\n\t\t\t\t<div class=\"elementor-widget-container\">\n\t\t\t\t\t\t\t\t\t<div class=\"elementor-button-wrapper\">\n\t\t\t\t\t<a class=\"elementor-button elementor-button-link elementor-size-sm\" href=\"#elementor-action%3Aaction%3Dpopup%3Aopen%26settings%3DeyJpZCI6MTUyOSwidG9nZ2xlIjpmYWxzZX0%3D\">\n\t\t\t\t\t\t<span class=\"elementor-button-content-wrapper\">\n\t\t\t\t\t\t\t\t\t<span class=\"elementor-button-text\">Fenntarthat\u00f3s\u00e1gi Teszt ind\u00edt\u00e1sa<\/span>\n\t\t\t\t\t<\/span>\n\t\t\t\t\t<\/a>\n\t\t\t\t<\/div>\n\t\t\t\t\t\t\t\t<\/div>\n\t\t\t\t<\/div>\n\t\t\t\t<div class=\"elementor-element elementor-element-ed505bd elementor-widget elementor-widget-spacer\" data-id=\"ed505bd\" data-element_type=\"widget\" data-e-type=\"widget\" data-widget_type=\"spacer.default\">\n\t\t\t\t<div class=\"elementor-widget-container\">\n\t\t\t\t\t\t\t<div class=\"elementor-spacer\">\n\t\t\t<div class=\"elementor-spacer-inner\"><\/div>\n\t\t<\/div>\n\t\t\t\t\t\t<\/div>\n\t\t\t\t<\/div>\n\t\t\t\t\t<\/div>\n\t\t<\/div>\n\t\t\t\t\t<\/div>\n\t\t<\/section>\n\t\t\t\t<\/div>\n\t\t","protected":false},"excerpt":{"rendered":"Fenntarthat\u00f3s\u00e1gi Teszt ind\u00edt\u00e1sa Hogyan v\u00e1lhat az \u00d6n v\u00e1llalkoz\u00e1sa l\u00e9p\u00e9sr\u0151l l\u00e9p\u00e9sre egyre fenntarthat\u00f3bb\u00e1? \u00c9rdemes el\u0151sz\u00f6r megvizsg\u00e1lni a v\u00e1llalkoz\u00e1s\u00e1t \u00e9rint\u0151 kock\u00e1zatokat \u00e9s lehet\u0151s\u00e9geket. Ez nemcsak a k\u00f6rnyezetv\u00e9delmi szempontokra vonatkozik, hanem a t\u00e1rsadalmi \u00e9s v\u00e1llalatir\u00e1ny\u00edt\u00e1si ter\u00fcletekre is (r\u00f6viden: ESG (Environment, Social, Governance) Pontosan itt j\u00f6n a k\u00e9pbe a Fenntarthat\u00f3s\u00e1gi Teszt! Ez lehet\u0151s\u00e9get ny\u00fajt \u00d6nnek arra, hogy az ESG-t\u00e9m\u00e1kkal&#8230; <a class=\"view-article\" href=\"https:\/\/oberbank.terra-institute.at\/hu\/\">View Article<\/a>","protected":false},"author":2,"featured_media":0,"parent":0,"menu_order":0,"comment_status":"closed","ping_status":"closed","template":"","meta":{"footnotes":""},"class_list":["post-1522","page","type-page","status-publish","hentry"],"acf":[],"yoast_head":"<!-- This site is optimized with the Yoast SEO plugin v26.9 - https:\/\/yoast.com\/product\/yoast-seo-wordpress\/ -->\n<title>Home - Fenntarthat\u00f3s\u00e1gi Teszt<\/title>\n<meta name=\"robots\" content=\"index, follow, max-snippet:-1, max-image-preview:large, max-video-preview:-1\" \/>\n<link rel=\"canonical\" href=\"https:\/\/oberbank.terra-institute.at\/hu\/\" \/>\n<meta property=\"og:locale\" content=\"hu_HU\" \/>\n<meta property=\"og:type\" content=\"article\" \/>\n<meta property=\"og:title\" content=\"Home - Fenntarthat\u00f3s\u00e1gi Teszt\" \/>\n<meta property=\"og:description\" content=\"Fenntarthat\u00f3s\u00e1gi Teszt ind\u00edt\u00e1sa Hogyan v\u00e1lhat az \u00d6n v\u00e1llalkoz\u00e1sa l\u00e9p\u00e9sr\u0151l l\u00e9p\u00e9sre egyre fenntarthat\u00f3bb\u00e1? \u00c9rdemes el\u0151sz\u00f6r megvizsg\u00e1lni a v\u00e1llalkoz\u00e1s\u00e1t \u00e9rint\u0151 kock\u00e1zatokat \u00e9s lehet\u0151s\u00e9geket. Ez nemcsak a k\u00f6rnyezetv\u00e9delmi szempontokra vonatkozik, hanem a t\u00e1rsadalmi \u00e9s v\u00e1llalatir\u00e1ny\u00edt\u00e1si ter\u00fcletekre is (r\u00f6viden: ESG (Environment, Social, Governance) Pontosan itt j\u00f6n a k\u00e9pbe a Fenntarthat\u00f3s\u00e1gi Teszt! Ez lehet\u0151s\u00e9get ny\u00fajt \u00d6nnek arra, hogy az ESG-t\u00e9m\u00e1kkal... View Article\" \/>\n<meta property=\"og:url\" content=\"https:\/\/oberbank.terra-institute.at\/hu\/\" \/>\n<meta property=\"og:site_name\" content=\"Fenntarthat\u00f3s\u00e1gi Teszt\" \/>\n<meta property=\"article:modified_time\" content=\"2022-12-20T12:17:51+00:00\" \/>\n<meta name=\"twitter:card\" content=\"summary_large_image\" \/>\n<meta name=\"twitter:label1\" content=\"Becs\u00fclt olvas\u00e1si id\u0151\" \/>\n\t<meta name=\"twitter:data1\" content=\"2 perc\" \/>\n<script type=\"application\/ld+json\" class=\"yoast-schema-graph\">{\"@context\":\"https:\/\/schema.org\",\"@graph\":[{\"@type\":\"WebPage\",\"@id\":\"https:\/\/oberbank.terra-institute.at\/hu\/\",\"url\":\"https:\/\/oberbank.terra-institute.at\/hu\/\",\"name\":\"Home - Fenntarthat\u00f3s\u00e1gi Teszt\",\"isPartOf\":{\"@id\":\"https:\/\/oberbank.terra-institute.at\/#website\"},\"datePublished\":\"2022-04-05T11:01:18+00:00\",\"dateModified\":\"2022-12-20T12:17:51+00:00\",\"breadcrumb\":{\"@id\":\"https:\/\/oberbank.terra-institute.at\/hu\/#breadcrumb\"},\"inLanguage\":\"hu\",\"potentialAction\":[{\"@type\":\"ReadAction\",\"target\":[\"https:\/\/oberbank.terra-institute.at\/hu\/\"]}]},{\"@type\":\"BreadcrumbList\",\"@id\":\"https:\/\/oberbank.terra-institute.at\/hu\/#breadcrumb\",\"itemListElement\":[{\"@type\":\"ListItem\",\"position\":1,\"name\":\"Startseite\",\"item\":\"https:\/\/oberbank.terra-institute.at\/hu\/\"},{\"@type\":\"ListItem\",\"position\":2,\"name\":\"Home\"}]},{\"@type\":\"WebSite\",\"@id\":\"https:\/\/oberbank.terra-institute.at\/#website\",\"url\":\"https:\/\/oberbank.terra-institute.at\/\",\"name\":\"Fenntarthat\u00f3s\u00e1gi Teszt\",\"description\":\"Terra Institute\",\"potentialAction\":[{\"@type\":\"SearchAction\",\"target\":{\"@type\":\"EntryPoint\",\"urlTemplate\":\"https:\/\/oberbank.terra-institute.at\/?s={search_term_string}\"},\"query-input\":{\"@type\":\"PropertyValueSpecification\",\"valueRequired\":true,\"valueName\":\"search_term_string\"}}],\"inLanguage\":\"hu\"}]}<\/script>\n<!-- \/ Yoast SEO plugin. -->","yoast_head_json":{"title":"Home - Fenntarthat\u00f3s\u00e1gi Teszt","robots":{"index":"index","follow":"follow","max-snippet":"max-snippet:-1","max-image-preview":"max-image-preview:large","max-video-preview":"max-video-preview:-1"},"canonical":"https:\/\/oberbank.terra-institute.at\/hu\/","og_locale":"hu_HU","og_type":"article","og_title":"Home - Fenntarthat\u00f3s\u00e1gi Teszt","og_description":"Fenntarthat\u00f3s\u00e1gi Teszt ind\u00edt\u00e1sa Hogyan v\u00e1lhat az \u00d6n v\u00e1llalkoz\u00e1sa l\u00e9p\u00e9sr\u0151l l\u00e9p\u00e9sre egyre fenntarthat\u00f3bb\u00e1? \u00c9rdemes el\u0151sz\u00f6r megvizsg\u00e1lni a v\u00e1llalkoz\u00e1s\u00e1t \u00e9rint\u0151 kock\u00e1zatokat \u00e9s lehet\u0151s\u00e9geket. Ez nemcsak a k\u00f6rnyezetv\u00e9delmi szempontokra vonatkozik, hanem a t\u00e1rsadalmi \u00e9s v\u00e1llalatir\u00e1ny\u00edt\u00e1si ter\u00fcletekre is (r\u00f6viden: ESG (Environment, Social, Governance) Pontosan itt j\u00f6n a k\u00e9pbe a Fenntarthat\u00f3s\u00e1gi Teszt! Ez lehet\u0151s\u00e9get ny\u00fajt \u00d6nnek arra, hogy az ESG-t\u00e9m\u00e1kkal... View Article","og_url":"https:\/\/oberbank.terra-institute.at\/hu\/","og_site_name":"Fenntarthat\u00f3s\u00e1gi Teszt","article_modified_time":"2022-12-20T12:17:51+00:00","twitter_card":"summary_large_image","twitter_misc":{"Becs\u00fclt olvas\u00e1si id\u0151":"2 perc"},"schema":{"@context":"https:\/\/schema.org","@graph":[{"@type":"WebPage","@id":"https:\/\/oberbank.terra-institute.at\/hu\/","url":"https:\/\/oberbank.terra-institute.at\/hu\/","name":"Home - Fenntarthat\u00f3s\u00e1gi Teszt","isPartOf":{"@id":"https:\/\/oberbank.terra-institute.at\/#website"},"datePublished":"2022-04-05T11:01:18+00:00","dateModified":"2022-12-20T12:17:51+00:00","breadcrumb":{"@id":"https:\/\/oberbank.terra-institute.at\/hu\/#breadcrumb"},"inLanguage":"hu","potentialAction":[{"@type":"ReadAction","target":["https:\/\/oberbank.terra-institute.at\/hu\/"]}]},{"@type":"BreadcrumbList","@id":"https:\/\/oberbank.terra-institute.at\/hu\/#breadcrumb","itemListElement":[{"@type":"ListItem","position":1,"name":"Startseite","item":"https:\/\/oberbank.terra-institute.at\/hu\/"},{"@type":"ListItem","position":2,"name":"Home"}]},{"@type":"WebSite","@id":"https:\/\/oberbank.terra-institute.at\/#website","url":"https:\/\/oberbank.terra-institute.at\/","name":"Fenntarthat\u00f3s\u00e1gi Teszt","description":"Terra Institute","potentialAction":[{"@type":"SearchAction","target":{"@type":"EntryPoint","urlTemplate":"https:\/\/oberbank.terra-institute.at\/?s={search_term_string}"},"query-input":{"@type":"PropertyValueSpecification","valueRequired":true,"valueName":"search_term_string"}}],"inLanguage":"hu"}]}},"_links":{"self":[{"href":"https:\/\/oberbank.terra-institute.at\/hu\/wp-json\/wp\/v2\/pages\/1522","targetHints":{"allow":["GET"]}}],"collection":[{"href":"https:\/\/oberbank.terra-institute.at\/hu\/wp-json\/wp\/v2\/pages"}],"about":[{"href":"https:\/\/oberbank.terra-institute.at\/hu\/wp-json\/wp\/v2\/types\/page"}],"author":[{"embeddable":true,"href":"https:\/\/oberbank.terra-institute.at\/hu\/wp-json\/wp\/v2\/users\/2"}],"replies":[{"embeddable":true,"href":"https:\/\/oberbank.terra-institute.at\/hu\/wp-json\/wp\/v2\/comments?post=1522"}],"version-history":[{"count":3,"href":"https:\/\/oberbank.terra-institute.at\/hu\/wp-json\/wp\/v2\/pages\/1522\/revisions"}],"predecessor-version":[{"id":1603,"href":"https:\/\/oberbank.terra-institute.at\/hu\/wp-json\/wp\/v2\/pages\/1522\/revisions\/1603"}],"wp:attachment":[{"href":"https:\/\/oberbank.terra-institute.at\/hu\/wp-json\/wp\/v2\/media?parent=1522"}],"curies":[{"name":"wp","href":"https:\/\/api.w.org\/{rel}","templated":true}]}}