{"id":1521,"date":"2022-04-05T13:01:18","date_gmt":"2022-04-05T11:01:18","guid":{"rendered":"https:\/\/oberbank.terra-institute.at\/home\/"},"modified":"2023-01-19T16:28:04","modified_gmt":"2023-01-19T15:28:04","slug":"home","status":"publish","type":"page","link":"https:\/\/oberbank.terra-institute.at\/cs\/","title":{"rendered":"Home"},"content":{"rendered":"\t\t<div data-elementor-type=\"wp-page\" data-elementor-id=\"1521\" class=\"elementor elementor-1521 elementor-11\" data-elementor-post-type=\"page\">\n\t\t\t\t\t\t<section class=\"elementor-section elementor-top-section elementor-element elementor-element-b68853d elementor-section-boxed elementor-section-height-default elementor-section-height-default\" data-id=\"b68853d\" data-element_type=\"section\" data-e-type=\"section\">\n\t\t\t\t\t\t<div class=\"elementor-container elementor-column-gap-default\">\n\t\t\t\t\t<div class=\"elementor-column elementor-col-100 elementor-top-column elementor-element elementor-element-7af0357\" data-id=\"7af0357\" data-element_type=\"column\" data-e-type=\"column\">\n\t\t\t<div class=\"elementor-widget-wrap elementor-element-populated\">\n\t\t\t\t\t\t<div class=\"elementor-element elementor-element-d517ac2 elementor-widget elementor-widget-spacer\" data-id=\"d517ac2\" data-element_type=\"widget\" data-e-type=\"widget\" data-widget_type=\"spacer.default\">\n\t\t\t\t<div class=\"elementor-widget-container\">\n\t\t\t\t\t\t\t<div class=\"elementor-spacer\">\n\t\t\t<div class=\"elementor-spacer-inner\"><\/div>\n\t\t<\/div>\n\t\t\t\t\t\t<\/div>\n\t\t\t\t<\/div>\n\t\t\t\t<div class=\"elementor-element elementor-element-97667bc elementor-align-center elementor-widget elementor-widget-button\" data-id=\"97667bc\" data-element_type=\"widget\" data-e-type=\"widget\" data-widget_type=\"button.default\">\n\t\t\t\t<div class=\"elementor-widget-container\">\n\t\t\t\t\t\t\t\t\t<div class=\"elementor-button-wrapper\">\n\t\t\t\t\t<a class=\"elementor-button elementor-button-link elementor-size-sm\" href=\"#elementor-action%3Aaction%3Dpopup%3Aopen%26settings%3DeyJpZCI6MTUyOCwidG9nZ2xlIjpmYWxzZX0%3D\">\n\t\t\t\t\t\t<span class=\"elementor-button-content-wrapper\">\n\t\t\t\t\t\t\t\t\t<span class=\"elementor-button-text\">Za\u010d\u00edt \"test udr\u017eitelnosti\"<\/span>\n\t\t\t\t\t<\/span>\n\t\t\t\t\t<\/a>\n\t\t\t\t<\/div>\n\t\t\t\t\t\t\t\t<\/div>\n\t\t\t\t<\/div>\n\t\t\t\t<div class=\"elementor-element elementor-element-cd9644c elementor-widget elementor-widget-spacer\" data-id=\"cd9644c\" data-element_type=\"widget\" data-e-type=\"widget\" data-widget_type=\"spacer.default\">\n\t\t\t\t<div class=\"elementor-widget-container\">\n\t\t\t\t\t\t\t<div class=\"elementor-spacer\">\n\t\t\t<div class=\"elementor-spacer-inner\"><\/div>\n\t\t<\/div>\n\t\t\t\t\t\t<\/div>\n\t\t\t\t<\/div>\n\t\t\t\t\t<\/div>\n\t\t<\/div>\n\t\t\t\t\t<\/div>\n\t\t<\/section>\n\t\t\t\t<section class=\"elementor-section elementor-top-section elementor-element elementor-element-49dbcc8 elementor-section-boxed elementor-section-height-default elementor-section-height-default\" data-id=\"49dbcc8\" data-element_type=\"section\" data-e-type=\"section\">\n\t\t\t\t\t\t<div class=\"elementor-container elementor-column-gap-default\">\n\t\t\t\t\t<div class=\"elementor-column elementor-col-100 elementor-top-column elementor-element elementor-element-fa80598\" data-id=\"fa80598\" data-element_type=\"column\" data-e-type=\"column\">\n\t\t\t<div class=\"elementor-widget-wrap elementor-element-populated\">\n\t\t\t\t\t\t<div class=\"elementor-element elementor-element-801d7c2 elementor-widget elementor-widget-text-editor\" data-id=\"801d7c2\" data-element_type=\"widget\" data-e-type=\"widget\" data-widget_type=\"text-editor.default\">\n\t\t\t\t<div class=\"elementor-widget-container\">\n\t\t\t\t\t\t\t\t\t<p>Jak se m\u016f\u017ee Va\u0161e spole\u010dnost postupn\u011b st\u00e1t udr\u017eiteln\u011bj\u0161\u00ed? Nejprve je vhodn\u00e9 se pod\u00edvat na rizika a p\u0159\u00edle\u017eitosti Va\u0161\u00ed spole\u010dnosti. Nejedn\u00e1 se pouze o environment\u00e1ln\u00ed aspekty, ale tak\u00e9 o oblast soci\u00e1ln\u00ed a oblast spr\u00e1vy a \u0159\u00edzen\u00ed podnik\u016f &#8211; zn\u00e1m\u011bj\u0161\u00ed pod zkratkou ESG (Environment, Social, Governance).<\/p><p>Pr\u00e1v\u011b zde p\u0159ich\u00e1z\u00ed na \u0159adu test udr\u017eitelnosti! To V\u00e1m nab\u00edz\u00ed p\u0159\u00edle\u017eitost zab\u00fdvat se d\u016fle\u017eit\u00fdmi t\u00e9maty ESG a z\u00edskat p\u0159ehled o stavu Va\u0161\u00ed spole\u010dnosti s ohledem na udr\u017eitelnost v r\u016fzn\u00fdch oblastech. Krom\u011b toho m\u016f\u017eete obdr\u017eet n\u00e1vrhy mo\u017en\u00fdch opat\u0159en\u00ed na zlep\u0161en\u00ed ve zpr\u00e1v\u011b p\u0159izp\u016fsoben\u00e9 Va\u0161im po\u017eadavk\u016fm.<\/p><p><strong>Jak to funguje?<\/strong><\/p><p>T\u0159emi jednoduch\u00fdmi kroky dos\u00e1hnete v\u00fdsledku za p\u0159ibli\u017en\u011b 7 minut:<\/p><ol><li>Spus\u0165te &#8222;kontrolu udr\u017eitelnosti&#8220; a odpov\u011bzte na ot\u00e1zky ve t\u0159ech modulech (\u017eivotn\u00ed prost\u0159ed\u00ed, soci\u00e1ln\u00ed oblast a \u0159\u00edzen\u00ed).<\/li><li>Na konci &#8222;kontroly udr\u017eitelnosti&#8220; okam\u017eit\u011b obdr\u017e\u00edte jednotliv\u00e9 v\u00fdsledky za t\u0159i moduly a tak\u00e9 celkov\u00fd v\u00fdsledek.<\/li><li>Pot\u00e9 si m\u016f\u017eete nechat zaslat individu\u00e1ln\u00ed zpr\u00e1vu o v\u00fdsledc\u00edch s dosa\u017een\u00fdm sk\u00f3re a konkr\u00e9tn\u00edmi n\u00e1vrhy na p\u0159\u00edpadn\u00e1 zlep\u0161en\u00ed.<\/li><\/ol><p><span style=\"color: #c90000;\"><strong>V p\u0159\u00edpad\u011b jak\u00fdchkoli dotaz\u016f k v\u00fdsledk\u016fm V\u00e1m Oberbank ve spolupr\u00e1ci s Terra Institutem r\u00e1da pom\u016f\u017ee!<\/strong><\/span><\/p>\t\t\t\t\t\t\t\t<\/div>\n\t\t\t\t<\/div>\n\t\t\t\t<div class=\"elementor-element elementor-element-085112b elementor-widget elementor-widget-text-editor\" data-id=\"085112b\" data-element_type=\"widget\" data-e-type=\"widget\" data-widget_type=\"text-editor.default\">\n\t\t\t\t<div class=\"elementor-widget-container\">\n\t\t\t\t\t\t\t\t\t<div class=\"elementor-element elementor-element-8380c1c elementor-widget elementor-widget-text-editor\" data-id=\"8380c1c\" data-element_type=\"widget\" data-widget_type=\"text-editor.default\"><div class=\"elementor-widget-container\"><p><span style=\"color: #c90000;\"><strong>Toto je str\u00e1nka spole\u010dnosti Terra Institute<\/strong><\/span><\/p><p>Terra Institute je kompeten\u010dn\u00ed centrem pro rozvoj a zav\u00e1d\u011bn\u00ed udr\u017eitelnosti a inovac\u00ed v podnik\u00e1n\u00ed a spole\u010dnosti. Prost\u0159ednictv\u00edm poradenstv\u00ed, kou\u010dov\u00e1n\u00ed, \u0161kolen\u00ed a v\u00fdzkumu se Terra Institute sna\u017e\u00ed poskytovat podn\u011bty pro rozvoj nov\u00e9 udr\u017eiteln\u00e9 ekonomiky.<\/p><\/div><\/div>\t\t\t\t\t\t\t\t<\/div>\n\t\t\t\t<\/div>\n\t\t\t\t\t<\/div>\n\t\t<\/div>\n\t\t\t\t\t<\/div>\n\t\t<\/section>\n\t\t\t\t<section class=\"elementor-section elementor-top-section elementor-element elementor-element-5c947a8 elementor-section-boxed elementor-section-height-default elementor-section-height-default\" data-id=\"5c947a8\" data-element_type=\"section\" data-e-type=\"section\">\n\t\t\t\t\t\t<div class=\"elementor-container elementor-column-gap-default\">\n\t\t\t\t\t<div class=\"elementor-column elementor-col-100 elementor-top-column elementor-element elementor-element-34dd861\" data-id=\"34dd861\" data-element_type=\"column\" data-e-type=\"column\">\n\t\t\t<div class=\"elementor-widget-wrap elementor-element-populated\">\n\t\t\t\t\t\t<div class=\"elementor-element elementor-element-1d93821 elementor-widget elementor-widget-spacer\" data-id=\"1d93821\" data-element_type=\"widget\" data-e-type=\"widget\" data-widget_type=\"spacer.default\">\n\t\t\t\t<div class=\"elementor-widget-container\">\n\t\t\t\t\t\t\t<div class=\"elementor-spacer\">\n\t\t\t<div class=\"elementor-spacer-inner\"><\/div>\n\t\t<\/div>\n\t\t\t\t\t\t<\/div>\n\t\t\t\t<\/div>\n\t\t\t\t<div class=\"elementor-element elementor-element-f35dc7a elementor-align-center elementor-widget elementor-widget-button\" data-id=\"f35dc7a\" data-element_type=\"widget\" data-e-type=\"widget\" data-widget_type=\"button.default\">\n\t\t\t\t<div class=\"elementor-widget-container\">\n\t\t\t\t\t\t\t\t\t<div class=\"elementor-button-wrapper\">\n\t\t\t\t\t<a class=\"elementor-button elementor-button-link elementor-size-sm\" href=\"#elementor-action%3Aaction%3Dpopup%3Aopen%26settings%3DeyJpZCI6MTUyOCwidG9nZ2xlIjpmYWxzZX0%3D\">\n\t\t\t\t\t\t<span class=\"elementor-button-content-wrapper\">\n\t\t\t\t\t\t\t\t\t<span class=\"elementor-button-text\">Za\u010d\u00edt \"test udr\u017eitelnosti\"<\/span>\n\t\t\t\t\t<\/span>\n\t\t\t\t\t<\/a>\n\t\t\t\t<\/div>\n\t\t\t\t\t\t\t\t<\/div>\n\t\t\t\t<\/div>\n\t\t\t\t<div class=\"elementor-element elementor-element-ed505bd elementor-widget elementor-widget-spacer\" data-id=\"ed505bd\" data-element_type=\"widget\" data-e-type=\"widget\" data-widget_type=\"spacer.default\">\n\t\t\t\t<div class=\"elementor-widget-container\">\n\t\t\t\t\t\t\t<div class=\"elementor-spacer\">\n\t\t\t<div class=\"elementor-spacer-inner\"><\/div>\n\t\t<\/div>\n\t\t\t\t\t\t<\/div>\n\t\t\t\t<\/div>\n\t\t\t\t\t<\/div>\n\t\t<\/div>\n\t\t\t\t\t<\/div>\n\t\t<\/section>\n\t\t\t\t<\/div>\n\t\t","protected":false},"excerpt":{"rendered":"Za\u010d\u00edt &#8222;test udr\u017eitelnosti&#8220; Jak se m\u016f\u017ee Va\u0161e spole\u010dnost postupn\u011b st\u00e1t udr\u017eiteln\u011bj\u0161\u00ed? Nejprve je vhodn\u00e9 se pod\u00edvat na rizika a p\u0159\u00edle\u017eitosti Va\u0161\u00ed spole\u010dnosti. Nejedn\u00e1 se pouze o environment\u00e1ln\u00ed aspekty, ale tak\u00e9 o oblast soci\u00e1ln\u00ed a oblast spr\u00e1vy a \u0159\u00edzen\u00ed podnik\u016f &#8211; zn\u00e1m\u011bj\u0161\u00ed pod zkratkou ESG (Environment, Social, Governance). Pr\u00e1v\u011b zde p\u0159ich\u00e1z\u00ed na \u0159adu test udr\u017eitelnosti! To&#8230; <a class=\"view-article\" href=\"https:\/\/oberbank.terra-institute.at\/cs\/\">View Article<\/a>","protected":false},"author":2,"featured_media":0,"parent":0,"menu_order":0,"comment_status":"closed","ping_status":"closed","template":"","meta":{"footnotes":""},"class_list":["post-1521","page","type-page","status-publish","hentry"],"acf":[],"yoast_head":"<!-- This site is optimized with the Yoast SEO plugin v26.9 - https:\/\/yoast.com\/product\/yoast-seo-wordpress\/ -->\n<title>Home - P\u0159ezkoum\u00e1n\u00ed udr\u017eitelnosti<\/title>\n<meta name=\"robots\" content=\"index, follow, max-snippet:-1, max-image-preview:large, max-video-preview:-1\" \/>\n<link rel=\"canonical\" href=\"https:\/\/oberbank.terra-institute.at\/cs\/\" \/>\n<meta property=\"og:locale\" content=\"cs_CZ\" \/>\n<meta property=\"og:type\" content=\"article\" \/>\n<meta property=\"og:title\" content=\"Home - P\u0159ezkoum\u00e1n\u00ed udr\u017eitelnosti\" \/>\n<meta property=\"og:description\" content=\"Za\u010d\u00edt &#8222;test udr\u017eitelnosti&#8220; Jak se m\u016f\u017ee Va\u0161e spole\u010dnost postupn\u011b st\u00e1t udr\u017eiteln\u011bj\u0161\u00ed? Nejprve je vhodn\u00e9 se pod\u00edvat na rizika a p\u0159\u00edle\u017eitosti Va\u0161\u00ed spole\u010dnosti. Nejedn\u00e1 se pouze o environment\u00e1ln\u00ed aspekty, ale tak\u00e9 o oblast soci\u00e1ln\u00ed a oblast spr\u00e1vy a \u0159\u00edzen\u00ed podnik\u016f &#8211; zn\u00e1m\u011bj\u0161\u00ed pod zkratkou ESG (Environment, Social, Governance). Pr\u00e1v\u011b zde p\u0159ich\u00e1z\u00ed na \u0159adu test udr\u017eitelnosti! To... View Article\" \/>\n<meta property=\"og:url\" content=\"https:\/\/oberbank.terra-institute.at\/cs\/\" \/>\n<meta property=\"og:site_name\" content=\"P\u0159ezkoum\u00e1n\u00ed udr\u017eitelnosti\" \/>\n<meta property=\"article:modified_time\" content=\"2023-01-19T15:28:04+00:00\" \/>\n<meta name=\"twitter:card\" content=\"summary_large_image\" \/>\n<meta name=\"twitter:label1\" content=\"Odhadovan\u00e1 doba \u010dten\u00ed\" \/>\n\t<meta name=\"twitter:data1\" content=\"2 minuty\" \/>\n<script type=\"application\/ld+json\" class=\"yoast-schema-graph\">{\"@context\":\"https:\/\/schema.org\",\"@graph\":[{\"@type\":\"WebPage\",\"@id\":\"https:\/\/oberbank.terra-institute.at\/cs\/\",\"url\":\"https:\/\/oberbank.terra-institute.at\/cs\/\",\"name\":\"Home - P\u0159ezkoum\u00e1n\u00ed udr\u017eitelnosti\",\"isPartOf\":{\"@id\":\"https:\/\/oberbank.terra-institute.at\/#website\"},\"datePublished\":\"2022-04-05T11:01:18+00:00\",\"dateModified\":\"2023-01-19T15:28:04+00:00\",\"breadcrumb\":{\"@id\":\"https:\/\/oberbank.terra-institute.at\/cs\/#breadcrumb\"},\"inLanguage\":\"cs\",\"potentialAction\":[{\"@type\":\"ReadAction\",\"target\":[\"https:\/\/oberbank.terra-institute.at\/cs\/\"]}]},{\"@type\":\"BreadcrumbList\",\"@id\":\"https:\/\/oberbank.terra-institute.at\/cs\/#breadcrumb\",\"itemListElement\":[{\"@type\":\"ListItem\",\"position\":1,\"name\":\"Startseite\",\"item\":\"https:\/\/oberbank.terra-institute.at\/cs\/\"},{\"@type\":\"ListItem\",\"position\":2,\"name\":\"Home\"}]},{\"@type\":\"WebSite\",\"@id\":\"https:\/\/oberbank.terra-institute.at\/#website\",\"url\":\"https:\/\/oberbank.terra-institute.at\/\",\"name\":\"P\u0159ezkoum\u00e1n\u00ed udr\u017eitelnosti\",\"description\":\"Terra Institute\",\"potentialAction\":[{\"@type\":\"SearchAction\",\"target\":{\"@type\":\"EntryPoint\",\"urlTemplate\":\"https:\/\/oberbank.terra-institute.at\/?s={search_term_string}\"},\"query-input\":{\"@type\":\"PropertyValueSpecification\",\"valueRequired\":true,\"valueName\":\"search_term_string\"}}],\"inLanguage\":\"cs\"}]}<\/script>\n<!-- \/ Yoast SEO plugin. -->","yoast_head_json":{"title":"Home - P\u0159ezkoum\u00e1n\u00ed udr\u017eitelnosti","robots":{"index":"index","follow":"follow","max-snippet":"max-snippet:-1","max-image-preview":"max-image-preview:large","max-video-preview":"max-video-preview:-1"},"canonical":"https:\/\/oberbank.terra-institute.at\/cs\/","og_locale":"cs_CZ","og_type":"article","og_title":"Home - P\u0159ezkoum\u00e1n\u00ed udr\u017eitelnosti","og_description":"Za\u010d\u00edt &#8222;test udr\u017eitelnosti&#8220; Jak se m\u016f\u017ee Va\u0161e spole\u010dnost postupn\u011b st\u00e1t udr\u017eiteln\u011bj\u0161\u00ed? Nejprve je vhodn\u00e9 se pod\u00edvat na rizika a p\u0159\u00edle\u017eitosti Va\u0161\u00ed spole\u010dnosti. Nejedn\u00e1 se pouze o environment\u00e1ln\u00ed aspekty, ale tak\u00e9 o oblast soci\u00e1ln\u00ed a oblast spr\u00e1vy a \u0159\u00edzen\u00ed podnik\u016f &#8211; zn\u00e1m\u011bj\u0161\u00ed pod zkratkou ESG (Environment, Social, Governance). Pr\u00e1v\u011b zde p\u0159ich\u00e1z\u00ed na \u0159adu test udr\u017eitelnosti! To... View Article","og_url":"https:\/\/oberbank.terra-institute.at\/cs\/","og_site_name":"P\u0159ezkoum\u00e1n\u00ed udr\u017eitelnosti","article_modified_time":"2023-01-19T15:28:04+00:00","twitter_card":"summary_large_image","twitter_misc":{"Odhadovan\u00e1 doba \u010dten\u00ed":"2 minuty"},"schema":{"@context":"https:\/\/schema.org","@graph":[{"@type":"WebPage","@id":"https:\/\/oberbank.terra-institute.at\/cs\/","url":"https:\/\/oberbank.terra-institute.at\/cs\/","name":"Home - P\u0159ezkoum\u00e1n\u00ed udr\u017eitelnosti","isPartOf":{"@id":"https:\/\/oberbank.terra-institute.at\/#website"},"datePublished":"2022-04-05T11:01:18+00:00","dateModified":"2023-01-19T15:28:04+00:00","breadcrumb":{"@id":"https:\/\/oberbank.terra-institute.at\/cs\/#breadcrumb"},"inLanguage":"cs","potentialAction":[{"@type":"ReadAction","target":["https:\/\/oberbank.terra-institute.at\/cs\/"]}]},{"@type":"BreadcrumbList","@id":"https:\/\/oberbank.terra-institute.at\/cs\/#breadcrumb","itemListElement":[{"@type":"ListItem","position":1,"name":"Startseite","item":"https:\/\/oberbank.terra-institute.at\/cs\/"},{"@type":"ListItem","position":2,"name":"Home"}]},{"@type":"WebSite","@id":"https:\/\/oberbank.terra-institute.at\/#website","url":"https:\/\/oberbank.terra-institute.at\/","name":"P\u0159ezkoum\u00e1n\u00ed udr\u017eitelnosti","description":"Terra Institute","potentialAction":[{"@type":"SearchAction","target":{"@type":"EntryPoint","urlTemplate":"https:\/\/oberbank.terra-institute.at\/?s={search_term_string}"},"query-input":{"@type":"PropertyValueSpecification","valueRequired":true,"valueName":"search_term_string"}}],"inLanguage":"cs"}]}},"_links":{"self":[{"href":"https:\/\/oberbank.terra-institute.at\/cs\/wp-json\/wp\/v2\/pages\/1521","targetHints":{"allow":["GET"]}}],"collection":[{"href":"https:\/\/oberbank.terra-institute.at\/cs\/wp-json\/wp\/v2\/pages"}],"about":[{"href":"https:\/\/oberbank.terra-institute.at\/cs\/wp-json\/wp\/v2\/types\/page"}],"author":[{"embeddable":true,"href":"https:\/\/oberbank.terra-institute.at\/cs\/wp-json\/wp\/v2\/users\/2"}],"replies":[{"embeddable":true,"href":"https:\/\/oberbank.terra-institute.at\/cs\/wp-json\/wp\/v2\/comments?post=1521"}],"version-history":[{"count":18,"href":"https:\/\/oberbank.terra-institute.at\/cs\/wp-json\/wp\/v2\/pages\/1521\/revisions"}],"predecessor-version":[{"id":1933,"href":"https:\/\/oberbank.terra-institute.at\/cs\/wp-json\/wp\/v2\/pages\/1521\/revisions\/1933"}],"wp:attachment":[{"href":"https:\/\/oberbank.terra-institute.at\/cs\/wp-json\/wp\/v2\/media?parent=1521"}],"curies":[{"name":"wp","href":"https:\/\/api.w.org\/{rel}","templated":true}]}}